{"id":852,"date":"2019-02-06T12:06:33","date_gmt":"2019-02-06T11:06:33","guid":{"rendered":"https:\/\/colibriwp-work.colibriwp.com\/conference\/colibriwp\/"},"modified":"2026-02-05T20:54:30","modified_gmt":"2026-02-05T19:54:30","slug":"_2026","status":"publish","type":"page","link":"https:\/\/www.magyarbal.de\/de\/","title":{"rendered":"Front Page 2"},"content":{"rendered":"<div data-colibri-id=\"852-c1\" class=\"style-311 style-local-852-c1 position-relative\">\n  <!---->\n  <div data-colibri-component=\"section\" data-colibri-id=\"852-c2\" id=\"contact\" class=\"h-section h-section-global-spacing d-flex align-items-lg-center align-items-md-center align-items-center style-464 style-local-852-c2 position-relative\">\n    <!---->\n    <!---->\n    <div class=\"h-section-grid-container h-section-boxed-container\">\n      <div data-colibri-id=\"852-c9\" class=\"h-row-container gutters-row-lg-2 gutters-row-md-2 gutters-row-2 gutters-row-v-lg-2 gutters-row-v-md-2 gutters-row-v-2 style-469 style-local-852-c9 position-relative\">\n        <!---->\n        <div class=\"h-row justify-content-lg-center justify-content-md-center justify-content-center align-items-lg-stretch align-items-md-stretch align-items-stretch gutters-col-lg-2 gutters-col-md-2 gutters-col-2 gutters-col-v-lg-2 gutters-col-v-md-2 gutters-col-v-2\">\n          <!---->\n          <div class=\"h-column h-column-container d-flex h-col-lg-auto h-col-md-auto h-col-auto style-470-outer style-local-852-c10-outer\">\n            <div data-colibri-id=\"852-c10\" class=\"d-flex h-flex-basis h-column__inner h-px-lg-2 h-px-md-2 h-px-3 v-inner-lg-2 v-inner-md-2 v-inner-3 style-470 style-local-852-c10 position-relative\">\n              <!---->\n              <!---->\n              <div class=\"w-100 h-y-container h-column__content h-column__v-align flex-basis-100 align-self-lg-start align-self-md-start align-self-start\">\n                <!---->\n                <div data-colibri-id=\"852-c11\" class=\"h-global-transition-all h-heading style-471 style-local-852-c11 position-relative h-element\">\n                  <!---->\n                  <div class=\"h-heading__outer style-471 style-local-852-c11\">\n                    <!---->\n                    <!---->\n                    <h2 class=\"\">H\u00edrlev\u00e9l<\/h2>\n                  <\/div>\n                <\/div>\n                <div data-colibri-id=\"852-c12\" class=\"h-lead h-text h-text-component style-472 style-local-852-c12 position-relative h-element\">\n                  <!---->\n                  <!---->\n                  <div class=\"\">\n                    <p><span style=\"font-weight: 400; font-size: 16px; font-family: &quot;Open Sans&quot;; color: rgb(255, 255, 255);\">Iratkozz fel h\u00edrlevel\u00fcnkre, hogy els\u0151nek \u00e9rtes\u00fclj az aktu\u00e1lis inform\u00e1ci\u00f3kr\u00f3l \u00e9s esem\u00e9nyekr\u0151l!<\/span><\/p>\n                  <\/div>\n                <\/div>\n              <\/div>\n            <\/div>\n          <\/div>\n        <\/div>\n      <\/div>\n      <div data-colibri-id=\"852-c3\" class=\"h-row-container gutters-row-lg-0 gutters-row-md-0 gutters-row-0 gutters-row-v-lg-0 gutters-row-v-md-0 gutters-row-v-0 style-465 style-local-852-c3 position-relative\">\n        <!---->\n        <div class=\"h-row justify-content-lg-center justify-content-md-center justify-content-center align-items-lg-stretch align-items-md-stretch align-items-stretch gutters-col-lg-0 gutters-col-md-0 gutters-col-0 gutters-col-v-lg-0 gutters-col-v-md-0 gutters-col-v-0\">\n          <!---->\n          <div class=\"h-column h-column-container d-flex h-col-lg-auto h-col-md-auto h-col-auto style-466-outer style-local-852-c4-outer\">\n            <div data-colibri-id=\"852-c4\" class=\"d-flex h-flex-basis h-column__inner h-px-lg-0 h-px-md-0 h-px-3 v-inner-lg-0 v-inner-md-0 v-inner-3 style-466 style-local-852-c4 position-relative\">\n              <!---->\n              <!---->\n              <div class=\"w-100 h-y-container h-column__content h-column__v-align flex-basis-100 align-self-lg-start align-self-md-start align-self-start\">\n                <!---->\n                <div data-colibri-id=\"852-c5\" class=\"style-468 style-local-852-c5 position-relative h-element\">\n                  <!---->\n                  <div class=\"h-global-transition-all h-global-transition h-global-transition-all h-contact-form-shortcode\"><div class=\"wpforms-container wpforms-container-full\" id=\"wpforms-1207\"><form id=\"wpforms-form-1207\" class=\"wpforms-validate wpforms-form wpforms-ajax-form\" data-formid=\"1207\" method=\"post\" enctype=\"multipart\/form-data\" action=\"\/de\/wp-json\/wp\/v2\/pages\/852\" data-token=\"7a97a445a3477469c8fb60bbe70bb96a\" data-token-time=\"1777045759\"><noscript class=\"wpforms-error-noscript\">Bitte aktiviere JavaScript in deinem Browser, um dieses Formular fertigzustellen.<\/noscript><div class=\"wpforms-field-container\">\t\t<div id=\"wpforms-1207-field_4-container\"\n\t\t\tclass=\"wpforms-field wpforms-field-text\"\n\t\t\tdata-field-type=\"text\"\n\t\t\tdata-field-id=\"4\"\n\t\t\t>\n\t\t\t<label class=\"wpforms-field-label\" for=\"wpforms-1207-field_4\" >N\u00e9v hozz\u00e1j\u00e1rul\u00e1s E-mail<\/label>\n\t\t\t<input type=\"text\" id=\"wpforms-1207-field_4\" class=\"wpforms-field-medium\" name=\"wpforms[fields][4]\" >\n\t\t<\/div>\n\t\t<div id=\"wpforms-1207-field_1-container\" class=\"wpforms-field wpforms-field-name\" data-field-id=\"1\"><label class=\"wpforms-field-label\" for=\"wpforms-1207-field_1\">N\u00e9v <span class=\"wpforms-required-label\">*<\/span><\/label><div class=\"wpforms-field-row wpforms-field-large\"><div class=\"wpforms-field-row-block wpforms-first wpforms-one-half\"><input type=\"text\" id=\"wpforms-1207-field_1\" class=\"wpforms-field-name-first wpforms-field-required\" name=\"wpforms[fields][1][first]\" placeholder=\"keresztn\u00e9v\" required><label for=\"wpforms-1207-field_1\" class=\"wpforms-field-sublabel after wpforms-sublabel-hide\">Vorname<\/label><\/div><div class=\"wpforms-field-row-block wpforms-one-half\"><input type=\"text\" id=\"wpforms-1207-field_1-last\" class=\"wpforms-field-name-last wpforms-field-required\" name=\"wpforms[fields][1][last]\" placeholder=\"vezet\u00e9kn\u00e9v\" required><label for=\"wpforms-1207-field_1-last\" class=\"wpforms-field-sublabel after wpforms-sublabel-hide\">Nachname<\/label><\/div><\/div><\/div><div id=\"wpforms-1207-field_2-container\" class=\"wpforms-field wpforms-field-email\" data-field-id=\"2\"><label class=\"wpforms-field-label\" for=\"wpforms-1207-field_2\">E-mail <span class=\"wpforms-required-label\">*<\/span><\/label><input type=\"email\" id=\"wpforms-1207-field_2\" class=\"wpforms-field-large wpforms-field-required\" name=\"wpforms[fields][2]\" spellcheck=\"false\" required><\/div><div id=\"wpforms-1207-field_3-container\" class=\"wpforms-field wpforms-field-gdpr-checkbox\" data-field-id=\"3\"><label class=\"wpforms-field-label\">Adatfeldogoz\u00e1si hozz\u00e1j\u00e1rul\u00e1s <span class=\"wpforms-required-label\">*<\/span><\/label><ul id=\"wpforms-1207-field_3\" class=\"wpforms-field-required\"><li class=\"choice-1\"><input type=\"checkbox\" id=\"wpforms-1207-field_3_1\" name=\"wpforms[fields][3][]\" value=\"Beleegyezek, hogy itt megadott szem\u00e9lyes adataimat  a h\u00edrlev\u00e9l k\u00fcld\u00e9se c\u00e9lj\u00e1b\u00f3l feldolgozz\u00e1k \u00e9s t\u00e1rolj\u00e1k az &lt;a href=&quot;https:\/\/www.magyarbal.de\/adatvedelmi-nyilatkozat&quot; h-use-smooth-scroll=&quot;true&quot; target=&quot;_blank&quot;&gt;Adatv\u00e9delmi Nyilatkozat&lt;\/a&gt; \u00e9rtelm\u00e9ben.\" required ><label class=\"wpforms-field-label-inline\" for=\"wpforms-1207-field_3_1\">Beleegyezek, hogy itt megadott szem\u00e9lyes adataimat  a h\u00edrlev\u00e9l k\u00fcld\u00e9se c\u00e9lj\u00e1b\u00f3l feldolgozz\u00e1k \u00e9s t\u00e1rolj\u00e1k az <a href=\"https:\/\/www.magyarbal.de\/adatvedelmi-nyilatkozat\" target=\"_blank\">Adatv\u00e9delmi Nyilatkozat<\/a> \u00e9rtelm\u00e9ben.<\/label><\/li><\/ul><div class=\"wpforms-field-description\"><br \/><span class=\"wpforms-required-label\">*<\/span> : a regisztr\u00e1c\u00f3hoz sz\u00fcks\u00e9ges adat<\/div><\/div><script>\n\t\t\t\t( function() {\n\t\t\t\t\tconst style = document.createElement( 'style' );\n\t\t\t\t\tstyle.appendChild( document.createTextNode( '#wpforms-1207-field_4-container { position: absolute !important; overflow: hidden !important; display: inline !important; height: 1px !important; width: 1px !important; z-index: -1000 !important; padding: 0 !important; } #wpforms-1207-field_4-container input { visibility: hidden; } #wpforms-conversational-form-page #wpforms-1207-field_4-container label { counter-increment: none; }' ) );\n\t\t\t\t\tdocument.head.appendChild( style );\n\t\t\t\t\tdocument.currentScript?.remove();\n\t\t\t\t} )();\n\t\t\t<\/script><\/div><!-- .wpforms-field-container --><div class=\"wpforms-submit-container\" ><input type=\"hidden\" name=\"wpforms[id]\" value=\"1207\"><input type=\"hidden\" name=\"page_title\" value=\"\"><input type=\"hidden\" name=\"page_url\" value=\"https:\/\/www.magyarbal.de\/de\/wp-json\/wp\/v2\/pages\/852\"><input type=\"hidden\" name=\"url_referer\" value=\"\"><button type=\"submit\" name=\"wpforms[submit]\" id=\"wpforms-submit-1207\" class=\"wpforms-submit\" data-alt-text=\"\u00dczenet k\u00fcld\u00e9s...\" data-submit-text=\"Mehet\" aria-live=\"assertive\" value=\"wpforms-submit\">Mehet<\/button><img loading=\"lazy\" decoding=\"async\" src=\"https:\/\/www.magyarbal.de\/wp-content\/plugins\/wpforms-lite\/assets\/images\/submit-spin.svg\" class=\"wpforms-submit-spinner\" style=\"display: none;\" width=\"26\" height=\"26\" alt=\"Wird geladen\"><\/div><\/form><\/div>  <!-- .wpforms-container --><\/div>\n                <\/div>\n              <\/div>\n            <\/div>\n          <\/div>\n        <\/div>\n      <\/div>\n      <div data-colibri-id=\"852-c6\" class=\"h-row-container gutters-row-lg-2 gutters-row-md-2 gutters-row-0 gutters-row-v-lg-2 gutters-row-v-md-2 gutters-row-v-2 style-3787 style-local-852-c6 position-relative\">\n        <!---->\n        <div class=\"h-row justify-content-lg-center justify-content-md-center justify-content-center align-items-lg-stretch align-items-md-stretch align-items-stretch gutters-col-lg-2 gutters-col-md-2 gutters-col-0 gutters-col-v-lg-2 gutters-col-v-md-2 gutters-col-v-2\">\n          <!---->\n          <div class=\"h-column h-column-container d-flex h-col-lg-auto h-col-md-auto h-col-auto style-3788-outer style-local-852-c7-outer\">\n            <div data-colibri-id=\"852-c7\" class=\"d-flex h-flex-basis h-column__inner h-px-lg-2 h-px-md-2 h-px-2 v-inner-lg-2 v-inner-md-2 v-inner-2 style-3788 style-local-852-c7 position-relative\">\n              <!---->\n              <!---->\n              <div class=\"w-100 h-y-container h-column__content h-column__v-align flex-basis-100 align-self-lg-start align-self-md-start align-self-start\">\n                <!---->\n                <div data-colibri-id=\"852-c8\" class=\"style-3790 style-local-852-c8 position-relative h-element\">\n                  <!---->\n                <\/div>\n              <\/div>\n            <\/div>\n          <\/div>\n        <\/div>\n      <\/div>\n    <\/div>\n  <\/div>\n<\/div>","protected":false},"excerpt":{"rendered":"<p>H\u00edrlev\u00e9l Iratkozz fel h\u00edrlevel\u00fcnkre, hogy els\u0151nek \u00e9rtes\u00fclj az aktu\u00e1lis inform\u00e1ci\u00f3kr\u00f3l \u00e9s esem\u00e9nyekr\u0151l!<\/p>","protected":false},"author":4,"featured_media":0,"parent":0,"menu_order":0,"comment_status":"closed","ping_status":"closed","template":"page-templates\/homepage.php","meta":{"_themeisle_gutenberg_block_has_review":false,"footnotes":""},"class_list":["post-852","page","type-page","status-publish","hentry"],"_links":{"self":[{"href":"https:\/\/www.magyarbal.de\/de\/wp-json\/wp\/v2\/pages\/852","targetHints":{"allow":["GET"]}}],"collection":[{"href":"https:\/\/www.magyarbal.de\/de\/wp-json\/wp\/v2\/pages"}],"about":[{"href":"https:\/\/www.magyarbal.de\/de\/wp-json\/wp\/v2\/types\/page"}],"author":[{"embeddable":true,"href":"https:\/\/www.magyarbal.de\/de\/wp-json\/wp\/v2\/users\/4"}],"replies":[{"embeddable":true,"href":"https:\/\/www.magyarbal.de\/de\/wp-json\/wp\/v2\/comments?post=852"}],"version-history":[{"count":20,"href":"https:\/\/www.magyarbal.de\/de\/wp-json\/wp\/v2\/pages\/852\/revisions"}],"predecessor-version":[{"id":7681,"href":"https:\/\/www.magyarbal.de\/de\/wp-json\/wp\/v2\/pages\/852\/revisions\/7681"}],"wp:attachment":[{"href":"https:\/\/www.magyarbal.de\/de\/wp-json\/wp\/v2\/media?parent=852"}],"curies":[{"name":"wp","href":"https:\/\/api.w.org\/{rel}","templated":true}]}}