{"id":850,"date":"2019-02-06T12:03:13","date_gmt":"2019-02-06T11:03:13","guid":{"rendered":"http:\/\/10.44.205.4\/wp\/gabi\/event\/?page_id=2"},"modified":"2026-02-03T22:00:56","modified_gmt":"2026-02-03T21:00:56","slug":"hazirend","status":"publish","type":"page","link":"https:\/\/www.magyarbal.de\/de\/kapcsolat\/hazirend\/","title":{"rendered":"Hausordnung"},"content":{"rendered":"<div data-colibri-id=\"850-c1\" class=\"style-1145 style-local-850-c1 position-relative\">\n  <!---->\n  <div data-colibri-component=\"section\" data-colibri-id=\"850-c2\" id=\"house-rules\" class=\"h-section h-section-global-spacing d-flex align-items-lg-center align-items-md-center align-items-center style-1167 style-local-850-c2 position-relative\">\n    <!---->\n    <!---->\n    <div class=\"h-section-grid-container h-section-boxed-container\">\n      <!---->\n      <div data-colibri-id=\"850-c3\" class=\"h-row-container gutters-row-lg-2 gutters-row-md-2 gutters-row-0 gutters-row-v-lg-2 gutters-row-v-md-2 gutters-row-v-2 style-1694 style-local-850-c3 position-relative\">\n        <!---->\n        <div class=\"h-row justify-content-lg-center justify-content-md-center justify-content-center align-items-lg-stretch align-items-md-stretch align-items-stretch gutters-col-lg-2 gutters-col-md-2 gutters-col-0 gutters-col-v-lg-2 gutters-col-v-md-2 gutters-col-v-2\">\n          <!---->\n          <div class=\"h-column h-column-container d-flex h-col-lg-auto h-col-md-auto h-col-auto style-1695-outer style-local-850-c4-outer\">\n            <div data-colibri-id=\"850-c4\" class=\"d-flex h-flex-basis h-column__inner h-px-lg-2 h-px-md-2 h-px-2 v-inner-lg-2 v-inner-md-2 v-inner-2 style-1695 style-local-850-c4 position-relative\">\n              <!---->\n              <!---->\n              <div class=\"w-100 h-y-container h-column__content h-column__v-align flex-basis-100 align-self-lg-start align-self-md-start align-self-start\">\n                <!---->\n                <div data-colibri-id=\"850-c5\" class=\"h-global-transition-all h-heading style-1696 style-local-850-c5 position-relative h-element\">\n                  <!---->\n                  <div class=\"h-heading__outer style-1696 style-local-850-c5\">\n                    <!---->\n                    <!---->\n                    <h1 class=\"\">Hausordnung der Stadthalle Hofheim<\/h1>\n                  <\/div>\n                <\/div>\n              <\/div>\n            <\/div>\n          <\/div>\n        <\/div>\n      <\/div>\n      <div data-colibri-id=\"850-c9\" class=\"h-row-container gutters-row-lg-2 gutters-row-md-2 gutters-row-0 gutters-row-v-lg-2 gutters-row-v-md-2 gutters-row-v-2 style-1178 style-local-850-c9 position-relative\">\n        <!---->\n        <div class=\"h-row justify-content-lg-center justify-content-md-center justify-content-center align-items-lg-stretch align-items-md-stretch align-items-stretch gutters-col-lg-2 gutters-col-md-2 gutters-col-0 gutters-col-v-lg-2 gutters-col-v-md-2 gutters-col-v-2\">\n          <!---->\n          <div class=\"h-column h-column-container d-flex h-col-lg-12 h-col-md-12 h-col-12 style-1179-outer style-local-850-c10-outer\">\n            <div data-colibri-id=\"850-c10\" class=\"d-flex h-flex-basis h-column__inner h-px-lg-2 h-px-md-2 h-px-2 v-inner-lg-2 v-inner-md-2 v-inner-2 style-1179 style-local-850-c10 position-relative\">\n              <!---->\n              <!---->\n              <div class=\"w-100 h-y-container h-column__content h-column__v-align flex-basis-100 align-self-lg-start align-self-md-start align-self-start\">\n                <!---->\n                <div data-colibri-id=\"850-c11\" class=\"h-text h-text-component style-1181 style-local-850-c11 position-relative h-element\">\n                  <!---->\n                  <!---->\n                  <div class=\"\">\n                    <p><span style=\"font-weight: 300;\">Die Hausordnung bestimmt die Rechte und Pflichten von Besuchern\/Besucherinnen w\u00e4hrend ihres Aufenthalts in der Stadthalle Hofheim am Taunus.<\/span><\/p>\n                  <\/div>\n                <\/div>\n                <div data-colibri-id=\"850-c12\" class=\"h-text h-text-component style-1181 style-local-850-c12 position-relative h-element\">\n                  <!---->\n                  <!---->\n                  <div class=\"\">\n                    <p><span style=\"color: rgb(0, 0, 0); font-weight: 300;\">Der Magistrat der Stadt Hofheim \u2013 Kulturagentur \u2013 und der jeweilige Veranstalter (nachfolgend Veranstalter genannt) k\u00f6nnen den Zutritt f\u00fcr Besucherinnen und Besucher zu nicht \u00f6ffentlichen Veranstaltungen einschr\u00e4nkend regeln. (Der Zutritt kann z.B. von der Vorlage einer Einladung, Eintrittskarte, eines Ausweises, o.\u00e4., abh\u00e4ngig gemacht werden.)<\/span><\/p>\n                  <\/div>\n                <\/div>\n                <div data-colibri-id=\"850-c13\" class=\"h-text h-text-component style-1181 style-local-850-c13 position-relative h-element\">\n                  <!---->\n                  <!---->\n                  <div class=\"\">\n                    <p>Alle Einrichtungen in der Stadthalle sind pfleglich und schonend zu behandeln. Innerhalb der Stadthalle hat sich jeder so zu verhalten, dass kein Anderer gesch\u00e4digt, gef\u00e4hrdet oder \u2013 mehr als nach den Umst\u00e4nden unvermeidbar \u2013 behindert oder bel\u00e4stigt wird.<\/p>\n                  <\/div>\n                <\/div>\n                <div data-colibri-id=\"850-c14\" class=\"h-text h-text-component style-1181 style-local-850-c14 position-relative h-element\">\n                  <!---->\n                  <!---->\n                  <div class=\"\">\n                    <p>Das Rauchen innerhalb der Stadthalle ist verboten. Das Rauchverbot erstreckt sich auch auf die Verwendung von elektronischen Zigaretten \u2013 \u201eE-Zigaretten\u201c.<\/p>\n                  <\/div>\n                <\/div>\n                <div data-colibri-id=\"850-c15\" class=\"h-text h-text-component style-1181 style-local-850-c15 position-relative h-element\">\n                  <!---->\n                  <!---->\n                  <div class=\"\">\n                    <p>Bei einer \u00f6ffentlichen Veranstaltung besteht die Pflicht zur Abgabe der Garderobe (M\u00e4ntel, Jacken, Umh\u00e4nge) einschlie\u00dflich eventuell mitgef\u00fchrter Schirme, Rucks\u00e4cke und Koffer. Die Besucherin\/der Besucher ist gehalten, Wertgegenst\u00e4nde wie Ausweise, Kreditkarten, Bargeld, Schl\u00fcssel nicht in den Garderobest\u00fccken zu lassen. Eine Haftung des Veranstalters f\u00fcr den Verlust oder eine Besch\u00e4digung s\u00e4mtlicher in den Garderobenst\u00fccken belassenen Gegenst\u00e4nden ist ausgeschlossen.<\/p>\n                  <\/div>\n                <\/div>\n                <div data-colibri-id=\"850-c16\" class=\"h-text h-text-component style-1181 style-local-850-c16 position-relative h-element\">\n                  <!---->\n                  <!---->\n                  <div class=\"\">\n                    <p>Taschen, mitgef\u00fchrte Beh\u00e4ltnisse und Kleidung k\u00f6nnen auf ihren Inhalt hin kontrolliert werden. Wenn die Gegenst\u00e4nde zu einer Gef\u00e4hrdung der Veranstaltung oder der Besucherinnen und Besucher beitragen k\u00f6nnen, kann der Veranstalter die Gegenst\u00e4nde sicherstellen. Eine Aufbewahrung der sichergestellten Gegenst\u00e4nde findet nicht statt. Besucherinnen\/Besucher, die nicht mit der Kontrolle oder der Sicherstellung der Gegenst\u00e4nde einverstanden sind, kann der Zugang zur Stadthalle verweigert werden. In letzterem Fall besteht kein Anspruch der Besucherin\/des Besucheris auf die Erstattung eines etwaigen Eintrittsgeldes.<\/p>\n                  <\/div>\n                <\/div>\n                <div data-colibri-id=\"850-c17\" class=\"h-text h-text-component style-1181 style-local-850-c17 position-relative h-element\">\n                  <!---->\n                  <!---->\n                  <div class=\"\">\n                    <p>Das Mitbringen folgender Gegenst\u00e4nde ist generell verboten:<\/p>\n                    <ul>\n                      <li>Messer, Waffen und vergleichbar gef\u00e4hrliche Gegenst\u00e4nde oder Substanzen<\/li>\n                      <li>Feuerwerksk\u00f6rper, Wunderkerzen, Leuchtkugeln, bengalische Feuer, Kerzen und andere pyrotechnische Gegenst\u00e4nde<\/li>\n                      <li>Gasspr\u00fchflaschen, \u00e4tzende oder f\u00e4rbende Substanzen oder Druckbeh\u00e4lter f\u00fcr leicht entz\u00fcnd-liche oder gesundheitssch\u00e4digende Gase, ausge-nommen Taschenfeuerzeuge und Haarspray<\/li>\n                      <li>Beh\u00e4ltnisse aus zerbrechlichem oder splitterndem Material<\/li>\n                      <li>mechanisch und elektrisch betriebene L\u00e4rm-instrumente<\/li>\n                      <li>rassistisches, fremdenfeindliches und radikales Propagandamaterial<\/li>\n                      <li>Tiere (mit Ausnahme von Blindenhunden)<\/li>\n                      <li>Ton- und Bildaufnahmeger\u00e4te<\/li>\n                    <\/ul>\n                  <\/div>\n                <\/div>\n                <div data-colibri-id=\"850-c18\" class=\"h-text h-text-component style-1181 style-local-850-c18 position-relative h-element\">\n                  <!---->\n                  <!---->\n                  <div class=\"\">\n                    <p>Das Mitbringen von sonstigen Gegenst\u00e4nden in die Stadthalle kann generell, aus Sicherheitsgr\u00fcnden oder aus hygienischen Gr\u00fcnden untersagt werden.<\/p>\n                  <\/div>\n                <\/div>\n                <div data-colibri-id=\"850-c19\" class=\"h-text h-text-component style-1181 style-local-850-c19 position-relative h-element\">\n                  <!---->\n                  <!---->\n                  <div class=\"\">\n                    <p>Das Mitbringen und der Verzehr eigener Speisen und Getr\u00e4nke sind nicht gestattet.<\/p>\n                  <\/div>\n                <\/div>\n                <div data-colibri-id=\"850-c20\" class=\"h-text h-text-component style-1181 style-local-850-c20 position-relative h-element\">\n                  <!---->\n                  <!---->\n                  <div class=\"\">\n                    <p>Es ist untersagt, Ton- und Bildaufnahmen mit dem Mobiltelefon herzustellen, aufzubewahren oder zu vervielf\u00e4ltigen.<\/p>\n                  <\/div>\n                <\/div>\n                <div data-colibri-id=\"850-c21\" class=\"h-text h-text-component style-1181 style-local-850-c21 position-relative h-element\">\n                  <!---->\n                  <!---->\n                  <div class=\"\">\n                    <p>Recht am eigenen Bild: <\/p>\n                    <p>Werden durch Mitarbeiterinnen\/Mitarbeiter der Stadthalle, durch den Veranstalter oder beauftragte Unternehmen Fotografien, Film- und\/oder Videoaufnahmen im Bereich der Stadthalle zur Berichterstattung oder zu Werbezwecken hergestellt, darf die Aufnahmet\u00e4tigkeit nicht behindert oder in sonstiger Weise beeintr\u00e4chtigt werden. Alle Personen, die die Stadthalle betreten oder sich dort aufhalten, werden durch die vorliegende Hausordnung sowie durch Hinweisschilder an den Eing\u00e4ngen und im Foyer auf die Durchf\u00fchrung von Foto-, Film- und Videoaufnahmen im Bereich der Stadthalle hingewiesen. Durch das Betreten der Stadthalle willigen diejenigen, die auf solchen Aufnahmen zu erkennen sind, darin ein, dass diese Aufnahmen sowohl zur Berichterstattung als auch zu Werbezwecken verwendet werden.<\/p>\n                  <\/div>\n                <\/div>\n                <div data-colibri-id=\"850-c22\" class=\"h-text h-text-component style-1181 style-local-850-c22 position-relative h-element\">\n                  <!---->\n                  <!---->\n                  <div class=\"\">\n                    <p>In der Stadthalle gelten die Bestimmungen des Jugendschutzgesetzes.<\/p>\n                  <\/div>\n                <\/div>\n                <div data-colibri-id=\"850-c23\" class=\"h-text h-text-component style-1181 style-local-850-c23 position-relative h-element\">\n                  <!---->\n                  <!---->\n                  <div class=\"\">\n                    <p>Aus Sicherheitsgr\u00fcnden kann die Schlie\u00dfung von R\u00e4umen und Fl\u00e4chen und deren R\u00e4umung angeordnet werden. Alle Personen, die sich in der Stadthalle aufhalten sind im Falle einer R\u00e4umungsanordnung verpflichtet, die R\u00e4ume sofort zu verlassen.<\/p>\n                  <\/div>\n                <\/div>\n                <div data-colibri-id=\"850-c24\" class=\"h-text h-text-component style-1181 style-local-850-c24 position-relative h-element\">\n                  <!---->\n                  <!---->\n                  <div class=\"\">\n                    <p>Hausverbote k\u00f6nnen von der Kulturagentur, den Hallenmeistern oder dem jeweiligen Veranstalter ausgesprochen werden.<\/p>\n                  <\/div>\n                <\/div>\n                <div data-colibri-id=\"850-c25\" class=\"h-text h-text-component style-1181 style-local-850-c25 position-relative h-element\">\n                  <!---->\n                  <!---->\n                  <div class=\"\">\n                    <p>Gegen die Kulturagentur gerichtete Haftungsanspr\u00fcche sind bei Sachsch\u00e4den auf Vorsatz oder grobe Fahrl\u00e4ssigkeit beschr\u00e4nkt.<\/p>\n                  <\/div>\n                <\/div>\n              <\/div>\n            <\/div>\n          <\/div>\n          <div class=\"h-column h-column-container d-flex h-col-lg-12 h-col-md-12 h-col-12 style-1180-outer style-local-850-c26-outer\">\n            <div data-colibri-id=\"850-c26\" class=\"d-flex h-flex-basis h-column__inner h-ui-empty-state-container h-px-lg-2 h-px-md-2 h-px-2 v-inner-lg-2 v-inner-md-2 v-inner-2 style-1180 style-local-850-c26 position-relative\">\n              <!---->\n              <!---->\n              <div class=\"w-100 h-y-container h-column__content h-column__v-align flex-basis-100\">\n                <!---->\n              <\/div>\n            <\/div>\n          <\/div>\n        <\/div>\n      <\/div>\n    <\/div>\n  <\/div>\n<\/div>","protected":false},"excerpt":{"rendered":"<p>A Stadthalle Hofheim h\u00e1zirendje A h\u00e1zirend hat\u00e1rozza meg a l\u00e1togat\u00f3k jogait \u00e9s k\u00f6telezetts\u00e9geit a Stadthalle Hofheim am Taunusban val\u00f3 tart\u00f3zkod\u00e1suk alatt. Hofheim v\u00e1ros magisztr\u00e1tusa &#8211; Kult\u00farhivatal &#8211; \u00e9s az adott szervez\u0151 (a tov\u00e1bbiakban: szervez\u0151) korl\u00e1tozhatja a l\u00e1togat\u00f3k bejut\u00e1s\u00e1t a nem nyilv\u00e1nos rendezv\u00e9nyekre. (A bel\u00e9p\u00e9s p\u00e9ld\u00e1ul megh\u00edv\u00f3, bel\u00e9p\u0151jegy, szem\u00e9lyi igazolv\u00e1ny stb. bemutat\u00e1s\u00e1t\u00f3l tehet\u0151 f\u00fcgg\u0151v\u00e9). A Stadthalle [&hellip;]<\/p>\n","protected":false},"author":4,"featured_media":0,"parent":2851,"menu_order":0,"comment_status":"closed","ping_status":"closed","template":"page-templates\/full-width-page.php","meta":{"_themeisle_gutenberg_block_has_review":false,"footnotes":""},"class_list":["post-850","page","type-page","status-publish","hentry"],"_links":{"self":[{"href":"https:\/\/www.magyarbal.de\/de\/wp-json\/wp\/v2\/pages\/850","targetHints":{"allow":["GET"]}}],"collection":[{"href":"https:\/\/www.magyarbal.de\/de\/wp-json\/wp\/v2\/pages"}],"about":[{"href":"https:\/\/www.magyarbal.de\/de\/wp-json\/wp\/v2\/types\/page"}],"author":[{"embeddable":true,"href":"https:\/\/www.magyarbal.de\/de\/wp-json\/wp\/v2\/users\/4"}],"replies":[{"embeddable":true,"href":"https:\/\/www.magyarbal.de\/de\/wp-json\/wp\/v2\/comments?post=850"}],"version-history":[{"count":11,"href":"https:\/\/www.magyarbal.de\/de\/wp-json\/wp\/v2\/pages\/850\/revisions"}],"predecessor-version":[{"id":6835,"href":"https:\/\/www.magyarbal.de\/de\/wp-json\/wp\/v2\/pages\/850\/revisions\/6835"}],"up":[{"embeddable":true,"href":"https:\/\/www.magyarbal.de\/de\/wp-json\/wp\/v2\/pages\/2851"}],"wp:attachment":[{"href":"https:\/\/www.magyarbal.de\/de\/wp-json\/wp\/v2\/media?parent=850"}],"curies":[{"name":"wp","href":"https:\/\/api.w.org\/{rel}","templated":true}]}}